{"id":860,"date":"2023-07-12T16:26:17","date_gmt":"2023-07-12T14:26:17","guid":{"rendered":"https:\/\/careandpeer.ch\/?page_id=860"},"modified":"2023-09-20T11:55:03","modified_gmt":"2023-09-20T09:55:03","slug":"carepeer-practice-cpp","status":"publish","type":"page","link":"https:\/\/careandpeer.ch\/fr\/carepeer-practice-cpp\/","title":{"rendered":"Care&#038;Peer Practice (CPP)"},"content":{"rendered":"\n<style type=\"text\/css\" data-created_by=\"avia_inline_auto\" id=\"style-css-av-3a1i-59b6bc9dc4c1207bb1a9c33bd70a7c66\">\n.avia-section.av-3a1i-59b6bc9dc4c1207bb1a9c33bd70a7c66{\nbackground-color:#eae7e4;\nbackground-image:unset;\n}\n<\/style>\n<div id='av_section_1'  class='avia-section av-3a1i-59b6bc9dc4c1207bb1a9c33bd70a7c66 main_color avia-section-default avia-no-border-styling  avia-builder-el-0  avia-builder-el-no-sibling  avia-bg-style-scroll container_wrap fullsize'  ><div class='container av-section-cont-open' ><main  role=\"main\" itemprop=\"mainContentOfPage\"  class='template-page content  av-content-full alpha units'><div class='post-entry post-entry-type-page post-entry-860'><div class='entry-content-wrapper clearfix'>\r\n\r\n\n<style type=\"text\/css\" data-created_by=\"avia_inline_auto\" id=\"style-css-av-lldd2umr-687a1b460862085426ebf083dca91097\">\n.avia-image-container.av-lldd2umr-687a1b460862085426ebf083dca91097 img.avia_image{\nbox-shadow:none;\n}\n.avia-image-container.av-lldd2umr-687a1b460862085426ebf083dca91097 .av-image-caption-overlay-center{\ncolor:#ffffff;\n}\n<\/style>\n<div  class='avia-image-container av-lldd2umr-687a1b460862085426ebf083dca91097 av-styling- avia-align-center  avia-builder-el-1  el_before_av_hr  avia-builder-el-first '   itemprop=\"image\" itemscope=\"itemscope\" itemtype=\"https:\/\/schema.org\/ImageObject\" ><div class=\"avia-image-container-inner\"><div class=\"avia-image-overlay-wrap\"><img decoding=\"async\" class='wp-image-589 avia-img-lazy-loading-not-589 avia_image ' src=\"https:\/\/careandpeer.ch\/wp-content\/uploads\/2023\/08\/shutterstock_1879623010_2200-1500x630.png\" alt='' title='shutterstock_1879623010_2200'  height=\"630\" width=\"1500\"  itemprop=\"thumbnailUrl\"  \/><\/div><\/div><\/div>\r\n\r\n\n<style type=\"text\/css\" data-created_by=\"avia_inline_auto\" id=\"style-css-av-7jvxl-c4a5cd3bd7df1940fefe0c559aacb3c0\">\n#top .hr.hr-invisible.av-7jvxl-c4a5cd3bd7df1940fefe0c559aacb3c0{\nheight:35px;\n}\n<\/style>\n<div  class='hr av-7jvxl-c4a5cd3bd7df1940fefe0c559aacb3c0 hr-invisible  avia-builder-el-2  el_after_av_image  el_before_av_textblock '><span class='hr-inner '><span class=\"hr-inner-style\"><\/span><\/span><\/div>\r\n\r\n\n<style type=\"text\/css\" data-created_by=\"avia_inline_auto\" id=\"style-css-av-42t2-cfd10acecb658def58bc5816b38b65f2\">\n#top .av_textblock_section.av-42t2-cfd10acecb658def58bc5816b38b65f2 .avia_textblock{\ncolor:#2b6d81;\n}\n<\/style>\n<section  class='av_textblock_section av-42t2-cfd10acecb658def58bc5816b38b65f2'  itemscope=\"itemscope\" itemtype=\"https:\/\/schema.org\/CreativeWork\" ><div class='avia_textblock av_inherit_color'  itemprop=\"text\" ><h1>Care&amp;Peer Practice (CPP) : formations et r\u00e9seautage pour l\u2019aide psychosociale d\u2019urgence<\/h1>\n<\/div><\/section>\r\n\r\n\n<style type=\"text\/css\" data-created_by=\"avia_inline_auto\" id=\"style-css-av-lk2enl20-7e6da059c26aca55c18f139c5b4b7f51\">\n#top .hr.hr-invisible.av-lk2enl20-7e6da059c26aca55c18f139c5b4b7f51{\nheight:30px;\n}\n<\/style>\n<div  class='hr av-lk2enl20-7e6da059c26aca55c18f139c5b4b7f51 hr-invisible  avia-builder-el-4  el_after_av_textblock  el_before_av_textblock '><span class='hr-inner '><span class=\"hr-inner-style\"><\/span><\/span><\/div>\r\n\r\n\n<style type=\"text\/css\" data-created_by=\"avia_inline_auto\" id=\"style-css-av-3fa4-296cc9c0ca323d6ea595905c593a64a2\">\n#top .av_textblock_section.av-3fa4-296cc9c0ca323d6ea595905c593a64a2 .avia_textblock{\ncolor:#2b6d81;\n}\n<\/style>\n<section  class='av_textblock_section av-3fa4-296cc9c0ca323d6ea595905c593a64a2'  itemscope=\"itemscope\" itemtype=\"https:\/\/schema.org\/CreativeWork\" ><div class='avia_textblock av_inherit_color'  itemprop=\"text\" ><p style=\"font-weight: 400;\">Depuis plus de20 ans d\u00e9j\u00e0, la Suisse forme des caregivers et des peers afin d\u2019assurer la prise en charge de personnes affect\u00e9es par un \u00e9v\u00e8nement potentiellement traumatisant.<\/p>\n<p>D\u00e9but 2017, le Service sanitaire coordonn\u00e9 (SSC) a charg\u00e9 l\u2019organisme de formation Care&amp;Peer Practice (CPP) d\u2019assurer les formations et le perfectionnement en aide psychosociale d\u2019urgence.<\/p>\n<p>Depuis 2021, Care&amp;Peer Practice (CPP) est un prestataire de formation ind\u00e9pendant, pleinement int\u00e9gr\u00e9 dans la fondation Carelink<\/p>\n<p>Les diff\u00e9rentes formations CPP sont plac\u00e9es sous la responsabilit\u00e9 de <a href=\"https:\/\/www.carelink.ch\/fr\/\">Carelink<\/a> . Elles sont prodigu\u00e9es sur mandat par des sp\u00e9cialistes qualifi\u00e9s et exp\u00e9riment\u00e9s en aide psychologique d\u2019urgence\/psychologie d\u2019urgence (certification RNAPU\/FSP\/SBAP).<\/p>\n<p><!-- \/wp:post-content --><\/p>\n<\/div><\/section>\r\n\r\n<!-- \/wp:freeform -->","protected":false},"excerpt":{"rendered":"","protected":false},"author":1,"featured_media":0,"parent":0,"menu_order":0,"comment_status":"closed","ping_status":"closed","template":"","meta":{"footnotes":""},"class_list":["post-860","page","type-page","status-publish","hentry"],"yoast_head":"<!-- This site is optimized with the Yoast SEO plugin v24.7 - https:\/\/yoast.com\/wordpress\/plugins\/seo\/ -->\n<title>Care&amp;Peer Practice (CPP) - Care and Peer<\/title>\n<meta name=\"robots\" content=\"index, follow, max-snippet:-1, max-image-preview:large, max-video-preview:-1\" \/>\n<link rel=\"canonical\" href=\"https:\/\/careandpeer.ch\/fr\/carepeer-practice-cpp\/\" \/>\n<meta property=\"og:locale\" content=\"fr_FR\" \/>\n<meta property=\"og:type\" content=\"article\" \/>\n<meta property=\"og:title\" content=\"Care&amp;Peer Practice (CPP) - Care and Peer\" \/>\n<meta property=\"og:url\" content=\"https:\/\/careandpeer.ch\/fr\/carepeer-practice-cpp\/\" \/>\n<meta property=\"og:site_name\" content=\"Care and Peer\" \/>\n<meta property=\"article:modified_time\" content=\"2023-09-20T09:55:03+00:00\" \/>\n<meta name=\"twitter:card\" content=\"summary_large_image\" \/>\n<meta name=\"twitter:label1\" content=\"Dur\u00e9e de lecture estim\u00e9e\" \/>\n\t<meta name=\"twitter:data1\" content=\"2 minutes\" \/>\n<script type=\"application\/ld+json\" class=\"yoast-schema-graph\">{\"@context\":\"https:\/\/schema.org\",\"@graph\":[{\"@type\":\"WebPage\",\"@id\":\"https:\/\/careandpeer.ch\/fr\/carepeer-practice-cpp\/\",\"url\":\"https:\/\/careandpeer.ch\/fr\/carepeer-practice-cpp\/\",\"name\":\"Care&Peer Practice (CPP) - Care and Peer\",\"isPartOf\":{\"@id\":\"https:\/\/careandpeer.ch\/#website\"},\"datePublished\":\"2023-07-12T14:26:17+00:00\",\"dateModified\":\"2023-09-20T09:55:03+00:00\",\"breadcrumb\":{\"@id\":\"https:\/\/careandpeer.ch\/fr\/carepeer-practice-cpp\/#breadcrumb\"},\"inLanguage\":\"fr-FR\",\"potentialAction\":[{\"@type\":\"ReadAction\",\"target\":[\"https:\/\/careandpeer.ch\/fr\/carepeer-practice-cpp\/\"]}]},{\"@type\":\"BreadcrumbList\",\"@id\":\"https:\/\/careandpeer.ch\/fr\/carepeer-practice-cpp\/#breadcrumb\",\"itemListElement\":[{\"@type\":\"ListItem\",\"position\":1,\"name\":\"Startseite\",\"item\":\"https:\/\/careandpeer.ch\/home\/\"},{\"@type\":\"ListItem\",\"position\":2,\"name\":\"Care&#038;Peer Practice (CPP)\"}]},{\"@type\":\"WebSite\",\"@id\":\"https:\/\/careandpeer.ch\/#website\",\"url\":\"https:\/\/careandpeer.ch\/\",\"name\":\"Care and Peer\",\"description\":\"Eine weitere WordPress-Website\",\"potentialAction\":[{\"@type\":\"SearchAction\",\"target\":{\"@type\":\"EntryPoint\",\"urlTemplate\":\"https:\/\/careandpeer.ch\/?s={search_term_string}\"},\"query-input\":{\"@type\":\"PropertyValueSpecification\",\"valueRequired\":true,\"valueName\":\"search_term_string\"}}],\"inLanguage\":\"fr-FR\"}]}<\/script>\n<!-- \/ Yoast SEO plugin. -->","yoast_head_json":{"title":"Care&Peer Practice (CPP) - Care and Peer","robots":{"index":"index","follow":"follow","max-snippet":"max-snippet:-1","max-image-preview":"max-image-preview:large","max-video-preview":"max-video-preview:-1"},"canonical":"https:\/\/careandpeer.ch\/fr\/carepeer-practice-cpp\/","og_locale":"fr_FR","og_type":"article","og_title":"Care&Peer Practice (CPP) - Care and Peer","og_url":"https:\/\/careandpeer.ch\/fr\/carepeer-practice-cpp\/","og_site_name":"Care and Peer","article_modified_time":"2023-09-20T09:55:03+00:00","twitter_card":"summary_large_image","twitter_misc":{"Dur\u00e9e de lecture estim\u00e9e":"2 minutes"},"schema":{"@context":"https:\/\/schema.org","@graph":[{"@type":"WebPage","@id":"https:\/\/careandpeer.ch\/fr\/carepeer-practice-cpp\/","url":"https:\/\/careandpeer.ch\/fr\/carepeer-practice-cpp\/","name":"Care&Peer Practice (CPP) - Care and Peer","isPartOf":{"@id":"https:\/\/careandpeer.ch\/#website"},"datePublished":"2023-07-12T14:26:17+00:00","dateModified":"2023-09-20T09:55:03+00:00","breadcrumb":{"@id":"https:\/\/careandpeer.ch\/fr\/carepeer-practice-cpp\/#breadcrumb"},"inLanguage":"fr-FR","potentialAction":[{"@type":"ReadAction","target":["https:\/\/careandpeer.ch\/fr\/carepeer-practice-cpp\/"]}]},{"@type":"BreadcrumbList","@id":"https:\/\/careandpeer.ch\/fr\/carepeer-practice-cpp\/#breadcrumb","itemListElement":[{"@type":"ListItem","position":1,"name":"Startseite","item":"https:\/\/careandpeer.ch\/home\/"},{"@type":"ListItem","position":2,"name":"Care&#038;Peer Practice (CPP)"}]},{"@type":"WebSite","@id":"https:\/\/careandpeer.ch\/#website","url":"https:\/\/careandpeer.ch\/","name":"Care and Peer","description":"Eine weitere WordPress-Website","potentialAction":[{"@type":"SearchAction","target":{"@type":"EntryPoint","urlTemplate":"https:\/\/careandpeer.ch\/?s={search_term_string}"},"query-input":{"@type":"PropertyValueSpecification","valueRequired":true,"valueName":"search_term_string"}}],"inLanguage":"fr-FR"}]}},"_links":{"self":[{"href":"https:\/\/careandpeer.ch\/fr\/wp-json\/wp\/v2\/pages\/860","targetHints":{"allow":["GET"]}}],"collection":[{"href":"https:\/\/careandpeer.ch\/fr\/wp-json\/wp\/v2\/pages"}],"about":[{"href":"https:\/\/careandpeer.ch\/fr\/wp-json\/wp\/v2\/types\/page"}],"author":[{"embeddable":true,"href":"https:\/\/careandpeer.ch\/fr\/wp-json\/wp\/v2\/users\/1"}],"replies":[{"embeddable":true,"href":"https:\/\/careandpeer.ch\/fr\/wp-json\/wp\/v2\/comments?post=860"}],"version-history":[{"count":2,"href":"https:\/\/careandpeer.ch\/fr\/wp-json\/wp\/v2\/pages\/860\/revisions"}],"predecessor-version":[{"id":862,"href":"https:\/\/careandpeer.ch\/fr\/wp-json\/wp\/v2\/pages\/860\/revisions\/862"}],"wp:attachment":[{"href":"https:\/\/careandpeer.ch\/fr\/wp-json\/wp\/v2\/media?parent=860"}],"curies":[{"name":"wp","href":"https:\/\/api.w.org\/{rel}","templated":true}]}}