{"id":864,"date":"2023-07-12T16:37:00","date_gmt":"2023-07-12T14:37:00","guid":{"rendered":"https:\/\/careandpeer.ch\/?page_id=864"},"modified":"2023-09-20T12:02:14","modified_gmt":"2023-09-20T10:02:14","slug":"aide-psychosociale-durgence","status":"publish","type":"page","link":"https:\/\/careandpeer.ch\/fr\/aide-psychosociale-durgence\/","title":{"rendered":"Aide psychosociale d\u2019urgence"},"content":{"rendered":"\n<style type=\"text\/css\" data-created_by=\"avia_inline_auto\" id=\"style-css-av-3a1i-459c6b767927d03d73afde5e2e879277\">\n.avia-section.av-3a1i-459c6b767927d03d73afde5e2e879277{\nbackground-color:#eae7e4;\nbackground-image:unset;\n}\n<\/style>\n<div id='av_section_1'  class='avia-section av-3a1i-459c6b767927d03d73afde5e2e879277 main_color avia-section-default avia-no-border-styling  avia-builder-el-0  avia-builder-el-no-sibling  nothilfe avia-bg-style-scroll container_wrap fullsize'  ><div class='container av-section-cont-open' ><main  role=\"main\" itemprop=\"mainContentOfPage\"  class='template-page content  av-content-full alpha units'><div class='post-entry post-entry-type-page post-entry-864'><div class='entry-content-wrapper clearfix'>\r\n\r\n\n<style type=\"text\/css\" data-created_by=\"avia_inline_auto\" id=\"style-css-av-dfmmb-835150fbbbd5799ac2d01afaf518932a\">\n.avia-image-container.av-dfmmb-835150fbbbd5799ac2d01afaf518932a img.avia_image{\nbox-shadow:none;\n}\n.avia-image-container.av-dfmmb-835150fbbbd5799ac2d01afaf518932a .av-image-caption-overlay-center{\ncolor:#ffffff;\n}\n<\/style>\n<div  class='avia-image-container av-dfmmb-835150fbbbd5799ac2d01afaf518932a av-styling- avia-align-center  avia-builder-el-1  el_before_av_hr  avia-builder-el-first '   itemprop=\"image\" itemscope=\"itemscope\" itemtype=\"https:\/\/schema.org\/ImageObject\" ><div class=\"avia-image-container-inner\"><div class=\"avia-image-overlay-wrap\"><img decoding=\"async\" class='wp-image-589 avia-img-lazy-loading-not-589 avia_image ' src=\"https:\/\/careandpeer.ch\/wp-content\/uploads\/2023\/08\/shutterstock_1879623010_2200-1500x630.png\" alt='' title='shutterstock_1879623010_2200'  height=\"630\" width=\"1500\"  itemprop=\"thumbnailUrl\"  \/><\/div><\/div><\/div>\r\n\r\n\n<style type=\"text\/css\" data-created_by=\"avia_inline_auto\" id=\"style-css-av-a8hk3-92ebec2f4b73c501cf398f637a447dbb\">\n#top .hr.hr-invisible.av-a8hk3-92ebec2f4b73c501cf398f637a447dbb{\nheight:35px;\n}\n<\/style>\n<div  class='hr av-a8hk3-92ebec2f4b73c501cf398f637a447dbb hr-invisible  avia-builder-el-2  el_after_av_image  el_before_av_textblock '><span class='hr-inner '><span class=\"hr-inner-style\"><\/span><\/span><\/div>\r\n\r\n\n<style type=\"text\/css\" data-created_by=\"avia_inline_auto\" id=\"style-css-av-42t2-cfd10acecb658def58bc5816b38b65f2\">\n#top .av_textblock_section.av-42t2-cfd10acecb658def58bc5816b38b65f2 .avia_textblock{\ncolor:#2b6d81;\n}\n<\/style>\n<section  class='av_textblock_section av-42t2-cfd10acecb658def58bc5816b38b65f2'  itemscope=\"itemscope\" itemtype=\"https:\/\/schema.org\/CreativeWork\" ><div class='avia_textblock av_inherit_color'  itemprop=\"text\" ><h1>Qu\u2019est-ce que l\u2019aide psychosociale d\u2019urgence ?<\/h1>\n<\/div><\/section>\r\n\r\n\n<style type=\"text\/css\" data-created_by=\"avia_inline_auto\" id=\"style-css-av-3fa4-296cc9c0ca323d6ea595905c593a64a2\">\n#top .av_textblock_section.av-3fa4-296cc9c0ca323d6ea595905c593a64a2 .avia_textblock{\ncolor:#2b6d81;\n}\n<\/style>\n<section  class='av_textblock_section av-3fa4-296cc9c0ca323d6ea595905c593a64a2'  itemscope=\"itemscope\" itemtype=\"https:\/\/schema.org\/CreativeWork\" ><div class='avia_textblock av_inherit_color'  itemprop=\"text\" ><p>Chez l\u2019individu, les \u00e9v\u00e8nements potentiellement traumatisants comme les accidents, les catastrophes naturelles et les actes de violence \u00e9branlent les convictions fondamentales de s\u00e9curit\u00e9, de pr\u00e9dictibilit\u00e9 et de g\u00e9rabilit\u00e9\u00a0; ils provoquent une urgence psychologique chez les personnes affect\u00e9es. L\u2019aide psychosociale d\u2019urgence (assistance en situation aigu\u00eb) doit en premier lieu aider ces personnes \u00e0 g\u00e9rer de mani\u00e8re appropri\u00e9e la situation et les \u00e9motions correspondantes afin d\u2019\u00e9viter au mieux les s\u00e9quelles psychologiques. Elle suit le principe\u00a0: autant que n\u00e9cessaire, mais le moins possible.<br \/>\nL\u2019aide psychosociale d\u2019urgence pr\u00e9suppose une solide formation chez les intervenants\u00a0: pour assurer leur propre protection, tenir compte des aspects \u00e9thiques et reconna\u00eetre les limites lors de l\u2019interaction avec les personnes affect\u00e9es.<br \/>\nEn g\u00e9n\u00e9ral, l\u2019aide psychosociale d\u2019urgence n\u2019est pas une activit\u00e9 ou une fonction \u00e0 plein temps. Elle comprend diff\u00e9rents r\u00f4les et fonctions selon la mission. Vous trouverez de plus amples informations dans le <a href=\"https:\/\/careandpeer.ch\/wp-content\/uploads\/2023\/09\/Psychologie_urgence-les_roles_et_les-fonctionsles.pdf\">descriptif d\u00e9taill\u00e9<\/a>.<\/p>\n<\/div><\/section>\r\n\r\n\n<style type=\"text\/css\" data-created_by=\"avia_inline_auto\" id=\"style-css-av-llku687e-c56240f82d7f234bbc160df3fc07e7e2\">\n#top .hr.hr-invisible.av-llku687e-c56240f82d7f234bbc160df3fc07e7e2{\nheight:5px;\n}\n<\/style>\n<div  class='hr av-llku687e-c56240f82d7f234bbc160df3fc07e7e2 hr-invisible  avia-builder-el-5  el_after_av_textblock  el_before_av_textblock '><span class='hr-inner '><span class=\"hr-inner-style\"><\/span><\/span><\/div>\r\n\r\n\n<style type=\"text\/css\" data-created_by=\"avia_inline_auto\" id=\"style-css-av-llku49bs-c22f2d088a1613970ed4696e3d3c53e3\">\n#top .av_textblock_section.av-llku49bs-c22f2d088a1613970ed4696e3d3c53e3 .avia_textblock{\nfont-size:16px;\ncolor:#2b6d81;\n}\n<\/style>\n<section  class='av_textblock_section av-llku49bs-c22f2d088a1613970ed4696e3d3c53e3'  itemscope=\"itemscope\" itemtype=\"https:\/\/schema.org\/CreativeWork\" ><div class='avia_textblock av_inherit_color'  itemprop=\"text\" ><p><strong>Bibliographie: <\/strong><br \/>\nGerngross, J. (2015). <strong>Notfallpsychologie und psychologisches Krisenmanagement. Hilfe und Beratung auf individueller und organisationeller Ebene. Stuttgart: Schattauer.<\/strong><br \/>\nHausmann, C. (2021).<strong> Interventionen der Notfallpsychologie. Was man tun kann, wenn das Schlimmste passiert. 2. \u00fcberarbeitete Auflage. Wien: Facultas.<\/strong><br \/>\nLasogga, F. &amp; Gasch, B. (2011). <strong>Notfallpsychologie: Lehrbuch f\u00fcr die Praxis. 2. Auflage. Berlin: Springer.<\/strong><br \/>\nNikendei, A. (2017). <strong>Psychosoziale Notfallversorgung (PSNV) \u2013 Praxisbuch Krisenintervention. 2. \u00fcberarbeitete und erg\u00e4nzte Auflage. Edewecht: Stumpf &amp; Kossendey.<\/strong><\/p>\n<\/div><\/section>\r\n\r\n<!-- \/wp:post-content -->","protected":false},"excerpt":{"rendered":"","protected":false},"author":1,"featured_media":0,"parent":0,"menu_order":0,"comment_status":"closed","ping_status":"closed","template":"","meta":{"footnotes":""},"class_list":["post-864","page","type-page","status-publish","hentry"],"yoast_head":"<!-- This site is optimized with the Yoast SEO plugin v24.7 - https:\/\/yoast.com\/wordpress\/plugins\/seo\/ -->\n<title>Aide psychosociale d\u2019urgence - Care and Peer<\/title>\n<meta name=\"robots\" content=\"index, follow, max-snippet:-1, max-image-preview:large, max-video-preview:-1\" \/>\n<link rel=\"canonical\" href=\"https:\/\/careandpeer.ch\/fr\/aide-psychosociale-durgence\/\" \/>\n<meta property=\"og:locale\" content=\"fr_FR\" \/>\n<meta property=\"og:type\" content=\"article\" \/>\n<meta property=\"og:title\" content=\"Aide psychosociale d\u2019urgence - Care and Peer\" \/>\n<meta property=\"og:url\" content=\"https:\/\/careandpeer.ch\/fr\/aide-psychosociale-durgence\/\" \/>\n<meta property=\"og:site_name\" content=\"Care and Peer\" \/>\n<meta property=\"article:modified_time\" content=\"2023-09-20T10:02:14+00:00\" \/>\n<meta name=\"twitter:card\" content=\"summary_large_image\" \/>\n<meta name=\"twitter:label1\" content=\"Dur\u00e9e de lecture estim\u00e9e\" \/>\n\t<meta name=\"twitter:data1\" content=\"3 minutes\" \/>\n<script type=\"application\/ld+json\" class=\"yoast-schema-graph\">{\"@context\":\"https:\/\/schema.org\",\"@graph\":[{\"@type\":\"WebPage\",\"@id\":\"https:\/\/careandpeer.ch\/fr\/aide-psychosociale-durgence\/\",\"url\":\"https:\/\/careandpeer.ch\/fr\/aide-psychosociale-durgence\/\",\"name\":\"Aide psychosociale d\u2019urgence - Care and Peer\",\"isPartOf\":{\"@id\":\"https:\/\/careandpeer.ch\/#website\"},\"datePublished\":\"2023-07-12T14:37:00+00:00\",\"dateModified\":\"2023-09-20T10:02:14+00:00\",\"breadcrumb\":{\"@id\":\"https:\/\/careandpeer.ch\/fr\/aide-psychosociale-durgence\/#breadcrumb\"},\"inLanguage\":\"fr-FR\",\"potentialAction\":[{\"@type\":\"ReadAction\",\"target\":[\"https:\/\/careandpeer.ch\/fr\/aide-psychosociale-durgence\/\"]}]},{\"@type\":\"BreadcrumbList\",\"@id\":\"https:\/\/careandpeer.ch\/fr\/aide-psychosociale-durgence\/#breadcrumb\",\"itemListElement\":[{\"@type\":\"ListItem\",\"position\":1,\"name\":\"Startseite\",\"item\":\"https:\/\/careandpeer.ch\/home\/\"},{\"@type\":\"ListItem\",\"position\":2,\"name\":\"Aide psychosociale d\u2019urgence\"}]},{\"@type\":\"WebSite\",\"@id\":\"https:\/\/careandpeer.ch\/#website\",\"url\":\"https:\/\/careandpeer.ch\/\",\"name\":\"Care and Peer\",\"description\":\"Eine weitere WordPress-Website\",\"potentialAction\":[{\"@type\":\"SearchAction\",\"target\":{\"@type\":\"EntryPoint\",\"urlTemplate\":\"https:\/\/careandpeer.ch\/?s={search_term_string}\"},\"query-input\":{\"@type\":\"PropertyValueSpecification\",\"valueRequired\":true,\"valueName\":\"search_term_string\"}}],\"inLanguage\":\"fr-FR\"}]}<\/script>\n<!-- \/ Yoast SEO plugin. -->","yoast_head_json":{"title":"Aide psychosociale d\u2019urgence - Care and Peer","robots":{"index":"index","follow":"follow","max-snippet":"max-snippet:-1","max-image-preview":"max-image-preview:large","max-video-preview":"max-video-preview:-1"},"canonical":"https:\/\/careandpeer.ch\/fr\/aide-psychosociale-durgence\/","og_locale":"fr_FR","og_type":"article","og_title":"Aide psychosociale d\u2019urgence - Care and Peer","og_url":"https:\/\/careandpeer.ch\/fr\/aide-psychosociale-durgence\/","og_site_name":"Care and Peer","article_modified_time":"2023-09-20T10:02:14+00:00","twitter_card":"summary_large_image","twitter_misc":{"Dur\u00e9e de lecture estim\u00e9e":"3 minutes"},"schema":{"@context":"https:\/\/schema.org","@graph":[{"@type":"WebPage","@id":"https:\/\/careandpeer.ch\/fr\/aide-psychosociale-durgence\/","url":"https:\/\/careandpeer.ch\/fr\/aide-psychosociale-durgence\/","name":"Aide psychosociale d\u2019urgence - Care and Peer","isPartOf":{"@id":"https:\/\/careandpeer.ch\/#website"},"datePublished":"2023-07-12T14:37:00+00:00","dateModified":"2023-09-20T10:02:14+00:00","breadcrumb":{"@id":"https:\/\/careandpeer.ch\/fr\/aide-psychosociale-durgence\/#breadcrumb"},"inLanguage":"fr-FR","potentialAction":[{"@type":"ReadAction","target":["https:\/\/careandpeer.ch\/fr\/aide-psychosociale-durgence\/"]}]},{"@type":"BreadcrumbList","@id":"https:\/\/careandpeer.ch\/fr\/aide-psychosociale-durgence\/#breadcrumb","itemListElement":[{"@type":"ListItem","position":1,"name":"Startseite","item":"https:\/\/careandpeer.ch\/home\/"},{"@type":"ListItem","position":2,"name":"Aide psychosociale d\u2019urgence"}]},{"@type":"WebSite","@id":"https:\/\/careandpeer.ch\/#website","url":"https:\/\/careandpeer.ch\/","name":"Care and Peer","description":"Eine weitere WordPress-Website","potentialAction":[{"@type":"SearchAction","target":{"@type":"EntryPoint","urlTemplate":"https:\/\/careandpeer.ch\/?s={search_term_string}"},"query-input":{"@type":"PropertyValueSpecification","valueRequired":true,"valueName":"search_term_string"}}],"inLanguage":"fr-FR"}]}},"_links":{"self":[{"href":"https:\/\/careandpeer.ch\/fr\/wp-json\/wp\/v2\/pages\/864","targetHints":{"allow":["GET"]}}],"collection":[{"href":"https:\/\/careandpeer.ch\/fr\/wp-json\/wp\/v2\/pages"}],"about":[{"href":"https:\/\/careandpeer.ch\/fr\/wp-json\/wp\/v2\/types\/page"}],"author":[{"embeddable":true,"href":"https:\/\/careandpeer.ch\/fr\/wp-json\/wp\/v2\/users\/1"}],"replies":[{"embeddable":true,"href":"https:\/\/careandpeer.ch\/fr\/wp-json\/wp\/v2\/comments?post=864"}],"version-history":[{"count":3,"href":"https:\/\/careandpeer.ch\/fr\/wp-json\/wp\/v2\/pages\/864\/revisions"}],"predecessor-version":[{"id":870,"href":"https:\/\/careandpeer.ch\/fr\/wp-json\/wp\/v2\/pages\/864\/revisions\/870"}],"wp:attachment":[{"href":"https:\/\/careandpeer.ch\/fr\/wp-json\/wp\/v2\/media?parent=864"}],"curies":[{"name":"wp","href":"https:\/\/api.w.org\/{rel}","templated":true}]}}